{"id":37,"date":"2015-09-13T08:29:09","date_gmt":"2015-09-13T08:29:09","guid":{"rendered":"http:\/\/wan.bzh\/wp\/?page_id=37"},"modified":"2023-04-21T13:45:03","modified_gmt":"2023-04-21T13:45:03","slug":"publications","status":"publish","type":"page","link":"https:\/\/wan.bzh\/wp\/?page_id=37","title":{"rendered":"Publications"},"content":{"rendered":"<h2><a href=\"https:\/\/scholar.google.com\/citations?hl=fr&amp;user=v9gUIm0AAAAJ\" target=\"_blank\" rel=\"noopener\">Up-to-date publication list<\/a><\/h2>\n<h2>Journals<\/h2>\n<ul>\n<li><strong>&#8220;The ESCAPE project: Energy-efficient Scalable Algorithms for Weather Prediction at Exascale&#8221;<\/strong><br \/>\nM\u00fcller, A., et al.<br \/>\n<em>Geosci. Model Dev. Discuss., 2019<\/em><br \/>\n<em><a href=\"https:\/\/doi.org\/10.5194\/gmd-2018-304\">Link to the article<\/a><\/em><\/li>\n<\/ul>\n<ul>\n<li><strong>\u201cEfficient DVFS for Low Power HEVC Software Decoder\u201d<\/strong><br \/>\nErwan Nogues, Julien Heulot, Glenn Herrou, Ladislas Robin, Maxime Pelcat, Daniel Menard, Erwan Raffin, Wassim Hamidouche<br \/>\n<em>Journal of Real-Time Image Processing (JRTIP), 2016<br \/>\n<a class=\"urlextern\" title=\"http:\/\/dx.doi.org\/10.1007\/s11554-015-0512-8\" href=\"http:\/\/dx.doi.org\/10.1007\/s11554-016-0624-9\" rel=\"nofollow\">Link to the article<\/a><\/em><\/li>\n<\/ul>\n<div class=\"level2\">\n<ul>\n<li class=\"level1\">\n<div class=\"li\"><strong>\u201cLow power HEVC software decoder for mobile devices\u201d<\/strong><br \/>\nErwan Raffin, Erwan Nogues, Wassim Hamidouche, Seppo Tomperi, Maxime Pelcat, Daniel Menard<br \/>\n<em>Journal of Real-Time Image Processing (JRTIP), 2015<br \/>\n<a class=\"urlextern\" title=\"http:\/\/dx.doi.org\/10.1007\/s11554-015-0512-8\" href=\"http:\/\/dx.doi.org\/10.1007\/s11554-015-0512-8\" rel=\"nofollow\">Link to the article<\/a><\/em><\/div>\n<\/li>\n<\/ul>\n<ul>\n<li class=\"level1\">\n<div class=\"li\"><strong>\u201cScheduling, Binding and Routing System for a Run-Time Reconfigurable Operator Based Multimedia Architecture\u201d &#8211; improved and extended version<\/strong><br \/>\nErwan Raffin, Christophe Wolinski, Fran\u00e7ois Charot, Emmanuel Casseau, Antoine Floc\u2019h, Krzysztof Kuchcinski, St\u00e9phane Chevobbe and St\u00e9phane Guyetant<br \/>\n<em>International Journal of Embedded and Real-Time Communication Systems (IJERTCS), 2012<br \/>\n<a class=\"urlextern\" title=\"http:\/\/dx.doi.org\/10.4018\/jertcs.2012010101\" href=\"http:\/\/dx.doi.org\/10.4018\/jertcs.2012010101\" rel=\"nofollow\">Link to the article<\/a><\/em><\/div>\n<\/li>\n<\/ul>\n<ul>\n<li class=\"level1\">\n<div class=\"li\"><strong>\u201cAutomatic Design of Application-Specific Reconfigurable Processor Extensions with UPaK Synthesis Kernel\u201d<\/strong><br \/>\nChristophe Wolinski, Krzysztof Kuchcinski, Erwan Raffin<br \/>\n<em>ACM Transactions on Design Automation of Electronic Systems (TODAES), 2009<br \/>\n<a class=\"urlextern\" title=\"http:\/\/portal.acm.org\/citation.cfm?id=1640458\" href=\"http:\/\/portal.acm.org\/citation.cfm?id=1640458\" rel=\"nofollow\">Link to the article<\/a><\/em><\/div>\n<\/li>\n<\/ul>\n<h2>Conferences<\/h2>\n<div class=\"level2\">\n<ul>\n<li class=\"level1\">\n<div class=\"li\"><strong>\u201cScalable HEVC Decoder for Mobile Devices: Trade-off between Energy Consumption and Quality\u201d<\/strong><br \/>\nErwan Raffin, Wassim Hamidouche, Erwan Nogues, Maxime Pelcat, Daniel Menard<br \/>\n<em>Conference on Design and Architectures for Signal and Image Processing (DASIP 2016), Rennes, France, 2016<br \/>\n<\/em><\/div>\n<div class=\"li\"><em><span style=\"color: #000080;\"><strong><em class=\"u\">Best Paper Award<\/em><\/strong><\/span> &#8211; Web links: <a href=\"http:\/\/ecsi.org\/dasip\" target=\"_blank\" rel=\"noopener noreferrer\">DASIP2016<\/a><\/em><\/div>\n<\/li>\n<\/ul>\n<ul>\n<li class=\"level1\"><strong>\u201cA DVFS based HEVC Decoder for Energy-Efficient Software Implementation on Embedded Processors\u201d<\/strong><br \/>\nErwan Nogues, Romain Berrada, Maxime Pelcat, Daniel Menard, Erwan Raffin<br \/>\n<em>IEEE International Conference on Multimedia and Expo (ICME), Torino, Italy, 2015<br \/>\n<a class=\"urlextern\" title=\"http:\/\/dx.doi.org\/10.1109\/ICME.2015.7177406\" href=\"http:\/\/dx.doi.org\/10.1109\/ICME.2015.7177406\" rel=\"nofollow\">Link to the paper<\/a><\/em><\/li>\n<\/ul>\n<ul>\n<li class=\"level1\">\n<div class=\"li\"><strong>\u201cEnergy efficiency of a parallel HEVC software decoder for embedded devices\u201d<\/strong><br \/>\nErwan Raffin, Wassim Hamidouche, Erwan Nogues, Maxime Pelcat, Daniel Menard, Seppo Tomperi<br \/>\n<em>Proceedings of the 12th ACM International Conference on Computing Frontiers (CF&#8217;15), Ischia, Italy, 2015<br \/>\n<a class=\"urlextern\" title=\"http:\/\/dx.doi.org\/10.1145\/2742854.2747286\" href=\"http:\/\/dx.doi.org\/10.1145\/2742854.2747286\" rel=\"nofollow\">Link to the paper<\/a><\/em><\/div>\n<\/li>\n<\/ul>\n<ul>\n<li class=\"level1\">\n<div class=\"li\"><strong>\u201cA modified HEVC decoder for low power decoding\u201d<\/strong><br \/>\nErwan Nogues, Erwan Raffin, Maxime Pelcat, and Daniel Menard<br \/>\n<em>Proceedings of the 12th ACM International Conference on Computing Frontiers (CF&#8217;15), Ischia, Italy, 2015<br \/>\n<a class=\"urlextern\" title=\"http:\/\/dx.doi.org\/10.1145\/2742854.2747284\" href=\"http:\/\/dx.doi.org\/10.1145\/2742854.2747284\" rel=\"nofollow\">Link to the paper<\/a><\/em><\/div>\n<\/li>\n<\/ul>\n<ul>\n<li class=\"level1\">\n<div class=\"li\"><strong>\u201cImplementation of Stereo Matching Using A High Level Compiler for Parallel Computing Acceleration\u201d<\/strong><br \/>\nJinglin Zhang, Jean-Fran\u00e7ois Nezan, Jean-Gabriel Cousin, Erwan Raffin<br \/>\n<em>27th Image and Vision Computing New Zealand (IVCNZ), Dunedin, New Zealand, November 26-28, 2012<br \/>\n<a class=\"urlextern\" title=\"http:\/\/dl.acm.org\/citation.cfm?id=2425892\" href=\"http:\/\/dl.acm.org\/citation.cfm?id=2425892\" rel=\"nofollow\">Link to the paper<\/a><\/em><\/div>\n<\/li>\n<\/ul>\n<ul>\n<li class=\"level1\">\n<div class=\"li\"><strong>\u201cExploiting reconfigurable SWP operators for multimedia applications\u201d<\/strong><br \/>\nDaniel Menard, Hai-Nam Nguyen, Fran\u00e7ois Charot, St\u00e9phane Guyetant, J\u00e9r\u00e9mie Guillot, Erwan Raffin, Emmanuel Casseau<br \/>\n<em>36th International Conference on Acoustics, Speech and Signal Processing (ICASSP), Prague, Czech Republic, May 22-27, 2011<br \/>\n<a class=\"urlextern\" title=\"http:\/\/hal.inria.fr\/inria-00567017\/en\/\" href=\"http:\/\/hal.inria.fr\/inria-00567017\/en\/\" rel=\"nofollow\">Link to the paper<\/a><\/em><\/div>\n<\/li>\n<\/ul>\n<ul>\n<li class=\"level1\">\n<div class=\"li\"><strong>\u201cScheduling, Binding and Routing System for a Run-Time Reconfigurable Operator Based Multimedia Architecture\u201d<\/strong><br \/>\nErwan Raffin, Christophe Wolinski, Fran\u00e7ois Charot, Krzysztof Kuchcinski, Stephane Guyetant, Stephane Chevobbe and Emmanuel Casseau<br \/>\n<em>Conference on Design and Architectures for Signal and Image Processing (DASIP 2010), Edinburgh, Scotland.<br \/>\n<\/em><span style=\"color: #000080;\"><strong><em class=\"u\">Best Paper Award<\/em><\/strong><\/span> &#8211; Web links: <a class=\"urlextern\" title=\"https:\/\/roma.irisa.fr\/divers\/best-paper-paper-award-at-dasip-2010\" href=\"https:\/\/roma.irisa.fr\/divers\/best-paper-paper-award-at-dasip-2010\" rel=\"nofollow\">ROMA article<\/a>, <a class=\"urlextern\" title=\"http:\/\/www.ecsi.org\/dasip2010\/best-paper-poster-award\" href=\"http:\/\/www.ecsi.org\/dasip2010\/best-paper-poster-award\" rel=\"nofollow\">DASIP article<\/a>, <a class=\"urlextern\" title=\"https:\/\/team.inria.fr\/cairn\/awards\/\" href=\"https:\/\/team.inria.fr\/cairn\/awards\/\" rel=\"nofollow\">CAIRN article<\/a><br \/>\nPlease read IEEE copyright notice below before downloading the <a href=\"http:\/\/wan.bzh\/wp\/wp-content\/uploads\/2015\/09\/dasip2010.pdf\" target=\"_blank\" rel=\"noopener noreferrer\">full paper<\/a><\/div>\n<\/li>\n<\/ul>\n<ul>\n<li class=\"level1\">\n<div class=\"li\"><strong>\u201cArchitecture-Driven Synthesis of Recon\ufb01gurable Cells\u201d<\/strong><br \/>\nChristophe Wolinski, Krzysztof Kuchcinski, Erwan Raffin, Fran\u00e7ois Charot<br \/>\n<em>12th Euromicro Conference on Digital System Design, Architectures, Methods and Tools (DSD 2009), p531-538, Patras, Greece<\/em>.<\/div>\n<\/li>\n<\/ul>\n<ul>\n<li class=\"level1\">\n<div class=\"li\"><strong>\u201cHow constrains programming can help you in the generation of optimized application specific reconfigurable processor extensions\u201d<\/strong><br \/>\nChristophe Wolinski, Krzysztof Kuchcinski, Kevin Martin, Erwan Raffin, Fran\u00e7ois Charot<br \/>\n<em>International Conference on Engineering of Reconfigurable Systems &amp; Algorithms (ERSA&#8217;09), Las Vegas, USA (invited paper)<\/em>.<\/div>\n<\/li>\n<\/ul>\n<h2>Workshops and Demos<\/h2>\n<ul>\n<li><strong><strong>\u201c<\/strong><\/strong><strong>Real-Time Low Power Software HEVC Decoder on Embedded GPP: <\/strong><strong>A Side-by-Side Comparison<\/strong><strong>\u201d<br \/>\n<\/strong><span class=\"author\">E. Raffin, <\/span> <span class=\"author\"> E. Nogues,<\/span><span class=\"author\"> M. Lacour,\u00a0<\/span><span class=\"author\">M. Pelcat, <\/span><span class=\"author\">D. Menard,\u00a0<\/span><span class=\"author\">K. Desnos,<\/span><span class=\"author\"> J.F. Nezan<br \/>\n<\/span><em>Demo at Conference on <i>Design &amp; Architectures for Signal &amp; Image Processing (DASIP)<\/i>, Cracow, Poland, 2015<br \/>\n<a href=\"https:\/\/hal.archives-ouvertes.fr\/hal-01205912\/document\" target=\"_blank\" rel=\"noopener noreferrer\">Link to the paper<\/a><\/em><\/li>\n<\/ul>\n<ul>\n<li class=\"level1\">\n<div class=\"li\"><strong>\u201cLow Power Software HEVC Decoder Demo for Mobile Devices\u201d<\/strong><br \/>\nE. Nogues, M. Lacour, E. Raffin, M. Pelcat and D. Menard<br \/>\n<em>Demo at IEEE International Conference on Multimedia and Expo (ICME Demo 2015)<\/em><br \/>\n<span style=\"color: #000080;\"><strong><em class=\"u\">Best Demo Award<\/em><\/strong>.<\/span><\/div>\n<\/li>\n<\/ul>\n<ul>\n<li class=\"level1\"><strong>\u201cOrcc&#8217;s Compa-Backend demonstration\u201d<\/strong><br \/>\nYaset Oliva, Emmanuel Casseau, Kevin Martin, Pierre Bomel, Jean-Philippe Diguet, Herv\u00e9 Yviquel, Mickael Raulet, Erwan Raffin, Laurent Morin<br \/>\n<em>Conference on Design and Architectures for Signal and Image Processing (DASIP), Demo Night, Madrid, Spain, Oct 2014<br \/>\n<a class=\"urlextern\" title=\"http:\/\/hal.cirad.fr\/UNIV-UBS\/hal-01059858v1\" href=\"http:\/\/hal.cirad.fr\/UNIV-UBS\/hal-01059858v1\" rel=\"nofollow\">Link to the poster<\/a> &#8211; <a class=\"urlextern\" title=\"http:\/\/dx.doi.org\/10.1109\/DASIP.2014.7115612\" href=\"http:\/\/dx.doi.org\/10.1109\/DASIP.2014.7115612\" rel=\"nofollow\">Link to the paper<\/a><\/em><\/li>\n<\/ul>\n<ul>\n<li class=\"level1\">\n<div class=\"li\"><strong>ALCHEMY Workshop<\/strong><br \/>\nArchitecture, Languages, Compilation and Hardware support for Emerging ManYcore systems<br \/>\nHeld in conjunction with the International Conference on Computational Science <a class=\"urlextern\" title=\"http:\/\/www.iccs-meeting.org\/iccs2014\/\" href=\"http:\/\/www.iccs-meeting.org\/iccs2014\/\" rel=\"nofollow\">(ICCS 2014)<\/a><br \/>\n<em>Program Committee member (2013\/2014)<br \/>\n<a class=\"urlextern\" title=\"https:\/\/sites.google.com\/site\/alchemyworkshop\/\" href=\"https:\/\/sites.google.com\/site\/alchemyworkshop\/\" rel=\"nofollow\">Link<\/a><\/em><\/div>\n<\/li>\n<\/ul>\n<ul>\n<li class=\"level1\">\n<div class=\"li\"><strong>\u201cGraph Constraints in Embedded System Design\u201d<\/strong><br \/>\nChristophe Wolinski, Krzysztof Kuchcinski, Kevin Martin, Antoine Floch, Erwan Raffin, Fran\u00e7ois Charot<br \/>\n<em>Workshop on Combinatorial Optimization for Embedded System Design (COESD 2010), Bologna, Italy<br \/>\n<a class=\"urlextern\" title=\"http:\/\/lup.lub.lu.se\/luur\/download?func=downloadFile&amp;recordOId=1607159&amp;fileOId=1619814\" href=\"http:\/\/lup.lub.lu.se\/luur\/download?func=downloadFile&amp;recordOId=1607159&amp;fileOId=1619814\" rel=\"nofollow\">Link to the paper<\/a><\/em><\/div>\n<\/li>\n<\/ul>\n<ul>\n<li class=\"level1\">\n<div class=\"li\"><strong>\u201cDesign of Processor Accelerators with Constraints\u201d<\/strong><br \/>\nChristophe Wolinski, Krzysztof Kuchcinski, Kevin Martin, Erwan Raffin, Fran\u00e7ois Charot<br \/>\n<em>8th workshop of the Network for Sweden-based researchers and practitioners of Constraint programming (SweConsNet 2009), Link\u00f6ping, Sweden (invited talk)<\/em>.<\/div>\n<\/li>\n<\/ul>\n<hr \/>\n<p><em class=\"u\"><strong>Disclaimer<\/strong><\/em><\/p>\n<p><em>This material is presented to ensure timely dissemination of scholarly and technical work. Copyright and all rights therein are retained by authors or by other copyright holders. All person copying this information are expected to adhere to the terms and constraints invoked by each author&#8217;s copyright. In most cases, these works may not be reposted without the explicit permission of the copyright holder.<\/em><\/p>\n<p><strong>IEEE Copyright Notice<\/strong><br \/>\nCopyright 2010 IEEE. Published in the 2010 Conference on Design and Architectures for Signal and Image Processing (DASIP 2010), scheduled for October 26-28 in Edinburgh, United Kingdom. Personal use of this material is permitted. However, permission to reprint\/republish this material for advertising or promotional purposes or for creating new collective works for resale or redistribution to servers or lists, or to reuse any copyrighted component of this work in other works, must be obtained from the IEEE. Contact: Manager, Copyrights and Permissions \/ IEEE Service Center \/ 445 Hoes Lane \/ P.O. Box 1331 \/ Piscataway, NJ 08855-1331, USA. Telephone: + Intl. 908-562-3966.<\/p>\n<\/div>\n<\/div>\n","protected":false},"excerpt":{"rendered":"<p>Up-to-date publication list Journals &#8220;The ESCAPE project: Energy-efficient Scalable Algorithms for Weather Prediction at Exascale&#8221; M\u00fcller, A., et al. Geosci. Model Dev. Discuss., 2019 Link to the article \u201cEfficient DVFS for Low Power HEVC Software Decoder\u201d Erwan Nogues, Julien Heulot, Glenn Herrou, Ladislas Robin, Maxime Pelcat, Daniel Menard, Erwan Raffin, Wassim Hamidouche Journal of Real-Time &hellip; <a href=\"https:\/\/wan.bzh\/wp\/?page_id=37\" class=\"more-link\">Continue reading <span class=\"screen-reader-text\">Publications<\/span> <span class=\"meta-nav\">&rarr;<\/span><\/a><\/p>\n","protected":false},"author":1,"featured_media":0,"parent":0,"menu_order":0,"comment_status":"closed","ping_status":"closed","template":"","meta":{"footnotes":""},"class_list":["post-37","page","type-page","status-publish","hentry"],"_links":{"self":[{"href":"https:\/\/wan.bzh\/wp\/index.php?rest_route=\/wp\/v2\/pages\/37","targetHints":{"allow":["GET"]}}],"collection":[{"href":"https:\/\/wan.bzh\/wp\/index.php?rest_route=\/wp\/v2\/pages"}],"about":[{"href":"https:\/\/wan.bzh\/wp\/index.php?rest_route=\/wp\/v2\/types\/page"}],"author":[{"embeddable":true,"href":"https:\/\/wan.bzh\/wp\/index.php?rest_route=\/wp\/v2\/users\/1"}],"replies":[{"embeddable":true,"href":"https:\/\/wan.bzh\/wp\/index.php?rest_route=%2Fwp%2Fv2%2Fcomments&post=37"}],"version-history":[{"count":18,"href":"https:\/\/wan.bzh\/wp\/index.php?rest_route=\/wp\/v2\/pages\/37\/revisions"}],"predecessor-version":[{"id":124,"href":"https:\/\/wan.bzh\/wp\/index.php?rest_route=\/wp\/v2\/pages\/37\/revisions\/124"}],"wp:attachment":[{"href":"https:\/\/wan.bzh\/wp\/index.php?rest_route=%2Fwp%2Fv2%2Fmedia&parent=37"}],"curies":[{"name":"wp","href":"https:\/\/api.w.org\/{rel}","templated":true}]}}